{"id":1908,"date":"2016-06-07T12:19:25","date_gmt":"2016-06-07T12:19:25","guid":{"rendered":"http:\/\/agencemarchica.gov.ma\/?page_id=1908\/"},"modified":"2018-09-25T10:24:11","modified_gmt":"2018-09-25T10:24:11","slug":"presentacion","status":"publish","type":"page","link":"https:\/\/agencemarchica.gov.ma\/es\/el-proyecto\/presentacion\/","title":{"rendered":"Presentaci\u00f3n"},"content":{"rendered":"<p>[vc_row css=\u00bb.vc_custom_1466182096834{padding-right: 50px !important;padding-left: 50px !important;}\u00bb][vc_column][vc_column_text]<\/p>\n<h2><strong>PROYECTO :<\/strong><\/h2>\n<p>Iniciado en 2008 por Su Majestad el Rey Mohammed VI, el proyecto de desarrollo del sitio de la Laguna de Marchica tiene como objetivo promover la riqueza natural de la regi\u00f3n de Nador a trav\u00e9s de la realizaci\u00f3n de siete ciudades tem\u00e1ticas alrededor de la laguna por una cantidad estimada en 26 mil millones de d\u00edrhams (m\u00e1s de 2 mil millones de euros). Este proyecto deber\u00e1 crear un centro de habilidades y desarrollo sostenible, en armon\u00eda con los principales proyectos de la regi\u00f3n Oriental, incluyendo el complejo portuario de Nador Med West, Berkane Agropole y la central termo solar Ain Beni. Mathar. Los requisitos ambientales del proyecto contribuir\u00e1n a la preservaci\u00f3n del patrimonio ecol\u00f3gico de la regi\u00f3n oriental del Reino.<\/p>\n<h2><strong>LA PUESTA EN VALOR DE LA LAGUNA:<\/strong><\/h2>\n<p>La primera fase del proyecto consisti\u00f3 en la limpieza de la laguna Marchica, que requiri\u00f3 una inversi\u00f3n de alrededor de 1.500 millones de dirhams (150 millones de euros). El trabajo de limpieza tuvo un impacto social innegable al movilizar una fuerza de trabajo local, iniciada hoy en d\u00eda para las profesiones ambientales. La apertura de un paso de un kil\u00f3metro de largo y 300 de ancho ha permitido la purificaci\u00f3n del medio marino y, por lo tanto, la restauraci\u00f3n del ecosistema marino y el regreso de las aves migratorias.<\/p>\n<h2><strong>LA CONSISTENCIA DEL PROYECTO:<\/strong><\/h2>\n<h3>1- REHABILITACI\u00d3N AMBIENTAL:<\/h3>\n<ul>\n<li>\u00a0 Limpieza de la laguna,<\/li>\n<li>\u00a0 Plantaci\u00f3n y paisajismo,<\/li>\n<li>\u00a0 Parque Ornitol\u00f3gico.<\/li>\n<\/ul>\n<h3>2- DESARROLLO ECON\u00d3MICO SOCIAL Y CULTURAL:<\/h3>\n<ul>\n<li>Valorizaci\u00f3n del sector de la pesca artesanal y la acuicultura.<\/li>\n<\/ul>\n<h3>3- DESARROLLO TERRITORIAL:<\/h3>\n<ul>\n<li>Nueva ciudad de Beni Nsar:<\/li>\n<li>Reestructuraci\u00f3n y recalificaci\u00f3n urbana de \u00e1reas mal equipadas.<\/li>\n<\/ul>\n<h3>\u00a04- APERTURA DE NUEVOS TERRITORIOS PARA LA URBANIZACI\u00d3N Y CREACI\u00d3N DE NUEVAS L\u00cdNEAS DE NEGOCIO<\/h3>\n<ul>\n<li>Ciudad de Atalayoun<\/li>\n<li>Ciudad de los dos mares<\/li>\n<li>La ciudad nueva de Nador<\/li>\n<li>La aldea de los pescadores<\/li>\n<li>La bah\u00eda de los flamencos<\/li>\n<li>Marchica Sport<\/li>\n<li>Huertos de Marchica<\/li>\n<\/ul>\n<p>&nbsp;<\/p>\n<h1><\/h1>\n<p>[\/vc_column_text][\/vc_column][\/vc_row][vc_row css=\u00bb.vc_custom_1478519853990{margin-top: 30px !important;margin-bottom: 30px !important;}\u00bb][vc_column][\/vc_column][\/vc_row][vc_row full_width=\u00bbstretch_row\u00bb content_placement=\u00bbmiddle\u00bb css=\u00bb.vc_custom_1468424083631{padding-top: 50px !important;padding-bottom: 80px !important;background-image: url(http:\/\/agencemarchica.gov.ma\/wp-content\/uploads\/2016\/06\/bg1.jpg?id=104) !important;background-position: center !important;background-repeat: no-repeat !important;background-size: cover !important;}\u00bb][vc_column]<div class=\"sousmenu\">\n\t\t\t\t\t<p class=\"title1\">En la misma secci\u00f3n<\/p>\n\t\t\t\t\t<ul><li class=\"page_item page-item-1908\"><a href=\"https:\/\/agencemarchica.gov.ma\/es\/el-proyecto\/presentacion\/\">Presentaci\u00f3n<\/a><\/li>\n<li class=\"page_item page-item-3142\"><a href=\"https:\/\/agencemarchica.gov.ma\/es\/el-proyecto\/laguna-de-marchica\/\">Laguna de Marchica<\/a><\/li>\n<li class=\"page_item page-item-1918\"><a href=\"https:\/\/agencemarchica.gov.ma\/es\/el-proyecto\/situacion\/\">Situaci\u00f3n<\/a><\/li>\n<li class=\"page_item page-item-1919\"><a href=\"https:\/\/agencemarchica.gov.ma\/es\/el-proyecto\/vocacion\/\">Vocaci\u00f3n<\/a><\/li>\n<li class=\"page_item page-item-1926\"><a href=\"https:\/\/agencemarchica.gov.ma\/es\/el-proyecto\/fechas-y-cifras-claves\/\">Fechas y Cifras Claves<\/a><\/li>\n<\/ul>  \n\t\t\t\t  <\/div>[\/vc_column][\/vc_row]<\/p>\n","protected":false},"excerpt":{"rendered":"<p>[vc_row css=\u00bb.vc_custom_1466182096834{padding-right: 50px !important;padding-left: 50px !important;}\u00bb][vc_column][vc_column_text] PROYECTO : Iniciado en 2008 por Su Majestad el Rey Mohammed VI, el proyecto de desarrollo del sitio de la Laguna de Marchica tiene como objetivo promover la riqueza natural de la regi\u00f3n de Nador a trav\u00e9s de la realizaci\u00f3n de siete ciudades tem\u00e1ticas alrededor de la laguna por [&hellip;]<\/p>\n","protected":false},"author":1,"featured_media":1907,"parent":1905,"menu_order":0,"comment_status":"closed","ping_status":"closed","template":"","meta":[],"_links":{"self":[{"href":"https:\/\/agencemarchica.gov.ma\/es\/wp-json\/wp\/v2\/pages\/1908"}],"collection":[{"href":"https:\/\/agencemarchica.gov.ma\/es\/wp-json\/wp\/v2\/pages"}],"about":[{"href":"https:\/\/agencemarchica.gov.ma\/es\/wp-json\/wp\/v2\/types\/page"}],"author":[{"embeddable":true,"href":"https:\/\/agencemarchica.gov.ma\/es\/wp-json\/wp\/v2\/users\/1"}],"replies":[{"embeddable":true,"href":"https:\/\/agencemarchica.gov.ma\/es\/wp-json\/wp\/v2\/comments?post=1908"}],"version-history":[{"count":6,"href":"https:\/\/agencemarchica.gov.ma\/es\/wp-json\/wp\/v2\/pages\/1908\/revisions"}],"predecessor-version":[{"id":3300,"href":"https:\/\/agencemarchica.gov.ma\/es\/wp-json\/wp\/v2\/pages\/1908\/revisions\/3300"}],"up":[{"embeddable":true,"href":"https:\/\/agencemarchica.gov.ma\/es\/wp-json\/wp\/v2\/pages\/1905"}],"wp:featuredmedia":[{"embeddable":true,"href":"https:\/\/agencemarchica.gov.ma\/es\/wp-json\/wp\/v2\/media\/1907"}],"wp:attachment":[{"href":"https:\/\/agencemarchica.gov.ma\/es\/wp-json\/wp\/v2\/media?parent=1908"}],"curies":[{"name":"wp","href":"https:\/\/api.w.org\/{rel}","templated":true}]}}