{"id":1934,"date":"2016-06-07T12:21:21","date_gmt":"2016-06-07T12:21:21","guid":{"rendered":"http:\/\/agencemarchica.gov.ma\/?page_id=1934\/"},"modified":"2018-09-13T09:24:30","modified_gmt":"2018-09-13T09:24:30","slug":"vision-y-misiones","status":"publish","type":"page","link":"https:\/\/agencemarchica.gov.ma\/es\/la-gobernanza\/vision-y-misiones\/","title":{"rendered":"Visi\u00f3n y Misiones"},"content":{"rendered":"<p>[vc_row css=\u00bb.vc_custom_1466182096834{padding-right: 50px !important;padding-left: 50px !important;}\u00bb][vc_column][vc_column_text]<\/p>\n<p>En virtud de lo dispuesto en el Art\u00edculo 38 de la Ley 25-10, el AASLM se encarga de:<\/p>\n<ul>\n<li style=\"text-align: justify;\">Desarrollar todos los planes generales o estudios t\u00e9cnicos, econ\u00f3micos y financieros relacionados con el desarrollo de la zona de intervenci\u00f3n AASLM;<\/li>\n<li style=\"text-align: justify;\">Establecer el proyecto de plan de desarrollo especial y aprobar su conformidad con la ley 25-10;<\/li>\n<li style=\"text-align: justify;\">Contribuir a la investigaci\u00f3n y a la movilizaci\u00f3n\u00a0 de fondos financieros para llevar a cabo el programa de desarrollo;<\/li>\n<li style=\"text-align: justify;\">Realizar o llevar a cabo, en un cuadro convencional, el\u00a0 trabajo necesario para el desarrollo y la urbanizaci\u00f3n de esa zona;<\/li>\n<li style=\"text-align: justify;\">Conceder en \u00a0conformidad con la ley 25-10, especialmente, la autorizaci\u00f3n para repartir, subdividir, crear\u00a0 grupos de viviendas, como los permisos de construcci\u00f3n, de vivienda y certificados de conformidad;<\/li>\n<li style=\"text-align: justify;\">Asegurar el cumplimiento de las leyes y reglamentos de planificaci\u00f3n urbana y \u00a0controlar la conformidad de las subdivisiones, reparticiones, grupos de viviendas y edificios, con las disposiciones legislativas y reglamentarias en vigor y con el permiso de subdivisi\u00f3n, para crear grupos de casas a las cuales los permisos de construcci\u00f3n est\u00e1n concedidos;<\/li>\n<li style=\"text-align: justify;\">Para recoger y difundir toda la informaci\u00f3n relacionada con el desarrollo del sitio de la laguna Marchica y promover \u00e1reas de h\u00e1bitat y de actividades e instalaciones recreativas dentro de los l\u00edmites del sitio;<\/li>\n<li style=\"text-align: justify;\">Para establecer una relaci\u00f3n de cooperaci\u00f3n y \/ o asociaci\u00f3n con cualquier organismo nacional o extranjero para lograr sus objetivos.<\/li>\n<\/ul>\n<p>[\/vc_column_text][\/vc_column][\/vc_row][vc_row css=\u00bb.vc_custom_1466438692568{margin-top: 30px !important;margin-bottom: 30px !important;}\u00bb][vc_column][\/vc_column][\/vc_row][vc_row full_width=\u00bbstretch_row\u00bb content_placement=\u00bbmiddle\u00bb css=\u00bb.vc_custom_1468424083631{padding-top: 50px !important;padding-bottom: 80px !important;background-image: url(http:\/\/agencemarchica.gov.ma\/wp-content\/uploads\/2016\/06\/bg1.jpg?id=104) !important;background-position: center !important;background-repeat: no-repeat !important;background-size: cover !important;}\u00bb][vc_column]<div class=\"sousmenu\">\n\t\t\t\t\t<p class=\"title1\">En la misma secci\u00f3n<\/p>\n\t\t\t\t\t<ul><li class=\"page_item page-item-1934\"><a href=\"https:\/\/agencemarchica.gov.ma\/es\/la-gobernanza\/vision-y-misiones\/\">Visi\u00f3n y Misiones<\/a><\/li>\n<li class=\"page_item page-item-1944\"><a href=\"https:\/\/agencemarchica.gov.ma\/es\/la-gobernanza\/organos-de-gobierno\/\">\u00d3rganos Del Gobierno<\/a><\/li>\n<li class=\"page_item page-item-1945\"><a href=\"https:\/\/agencemarchica.gov.ma\/es\/la-gobernanza\/organigrama\/\">Organigrama y Valores<\/a><\/li>\n<li class=\"page_item page-item-1947\"><a href=\"https:\/\/agencemarchica.gov.ma\/es\/la-gobernanza\/socios\/\">Socios<\/a><\/li>\n<\/ul>  \n\t\t\t\t  <\/div>[\/vc_column][\/vc_row]<\/p>\n","protected":false},"excerpt":{"rendered":"<p>[vc_row css=\u00bb.vc_custom_1466182096834{padding-right: 50px !important;padding-left: 50px !important;}\u00bb][vc_column][vc_column_text] En virtud de lo dispuesto en el Art\u00edculo 38 de la Ley 25-10, el AASLM se encarga de: Desarrollar todos los planes generales o estudios t\u00e9cnicos, econ\u00f3micos y financieros relacionados con el desarrollo de la zona de intervenci\u00f3n AASLM; Establecer el proyecto de plan de desarrollo especial y aprobar [&hellip;]<\/p>\n","protected":false},"author":1,"featured_media":1942,"parent":1931,"menu_order":2,"comment_status":"closed","ping_status":"closed","template":"","meta":[],"_links":{"self":[{"href":"https:\/\/agencemarchica.gov.ma\/es\/wp-json\/wp\/v2\/pages\/1934"}],"collection":[{"href":"https:\/\/agencemarchica.gov.ma\/es\/wp-json\/wp\/v2\/pages"}],"about":[{"href":"https:\/\/agencemarchica.gov.ma\/es\/wp-json\/wp\/v2\/types\/page"}],"author":[{"embeddable":true,"href":"https:\/\/agencemarchica.gov.ma\/es\/wp-json\/wp\/v2\/users\/1"}],"replies":[{"embeddable":true,"href":"https:\/\/agencemarchica.gov.ma\/es\/wp-json\/wp\/v2\/comments?post=1934"}],"version-history":[{"count":2,"href":"https:\/\/agencemarchica.gov.ma\/es\/wp-json\/wp\/v2\/pages\/1934\/revisions"}],"predecessor-version":[{"id":3243,"href":"https:\/\/agencemarchica.gov.ma\/es\/wp-json\/wp\/v2\/pages\/1934\/revisions\/3243"}],"up":[{"embeddable":true,"href":"https:\/\/agencemarchica.gov.ma\/es\/wp-json\/wp\/v2\/pages\/1931"}],"wp:featuredmedia":[{"embeddable":true,"href":"https:\/\/agencemarchica.gov.ma\/es\/wp-json\/wp\/v2\/media\/1942"}],"wp:attachment":[{"href":"https:\/\/agencemarchica.gov.ma\/es\/wp-json\/wp\/v2\/media?parent=1934"}],"curies":[{"name":"wp","href":"https:\/\/api.w.org\/{rel}","templated":true}]}}