{"id":1947,"date":"2016-06-07T12:22:09","date_gmt":"2016-06-07T12:22:09","guid":{"rendered":"http:\/\/agencemarchica.gov.ma\/?page_id=1947\/"},"modified":"2018-09-13T09:16:49","modified_gmt":"2018-09-13T09:16:49","slug":"socios","status":"publish","type":"page","link":"https:\/\/agencemarchica.gov.ma\/es\/la-gobernanza\/socios\/","title":{"rendered":"Socios"},"content":{"rendered":"<p>[vc_row css=\u00bb.vc_custom_1466182096834{padding-right: 50px !important;padding-left: 50px !important;}\u00bb][vc_column][vc_column_text]<\/p>\n<div dir=\"ltr\" style=\"text-align: left;\">\n<p class=\"m_2429241277550449262gmail-MsoListParagraphCxSpMiddle\"><b>\u00a0\u00a0\u00a0I. Socios locales<\/b><b>\u00a0:<\/b><\/p>\n<ul>\n<li>Provincia de Nador<\/li>\n<li>Consejo Provincial de Nador<\/li>\n<li>Distrito Urbano de Nador<\/li>\n<li>Distrito urbano de Beni-Nsar<\/li>\n<li>Distrito urbano de Arekmane<\/li>\n<li>Distrito rural Bouareg<\/li>\n<li>Agencia urbana de Nador<\/li>\n<\/ul>\n<p><b>\u00a0\u00a0\u00a0II.Socios Regionales<\/b><b>\u00a0:<\/b><\/p>\n<ul>\n<li>Consejo Regional de Oriental<\/li>\n<li>Agencia Oriental<\/li>\n<li>Agencia de Cuenca Hidroel\u00e9ctrica de Moulouya<\/li>\n<li>C\u00e1mara de Agricultura de la Regi\u00f3n Oriental<\/li>\n<\/ul>\n<p class=\"m_2429241277550449262gmail-MsoListParagraphCxSpMiddle\"><b>III.Asociados Nacionales<\/b><b>:<\/b><\/p>\n<ul>\n<li>Ministerio del interior<\/li>\n<li>Secretar\u00eda de Estado del Ministerio de Equipamiento, Transporte, Log\u00edstica y Agua, responsable del agua<\/li>\n<li>Secretar\u00eda de Estado del Ministerio de Energ\u00eda, Minas y Desarrollo Sostenible, a cargo del desarrollo sostenible<\/li>\n<li>Instituto Nacional de Investigaci\u00f3n Hali\u00e9utica<\/li>\n<li>Fundaci\u00f3n Mohammed VI para la Protecci\u00f3n del Medio Ambiente<\/li>\n<\/ul>\n<p class=\"m_2429241277550449262gmail-MsoListParagraphCxSpMiddle\"><b>\u00a0IV. Socios internacionales<\/b><b>\u00a0:<\/b><\/p>\n<ul>\n<li>Conservatorio del Litoral -Francia-<\/li>\n<\/ul>\n<\/div>\n<p>[\/vc_column_text][\/vc_column][\/vc_row][vc_row css=\u00bb.vc_custom_1466438692568{margin-top: 30px !important;margin-bottom: 30px !important;}\u00bb][vc_column][\/vc_column][\/vc_row][vc_row full_width=\u00bbstretch_row\u00bb content_placement=\u00bbmiddle\u00bb css=\u00bb.vc_custom_1468424083631{padding-top: 50px !important;padding-bottom: 80px !important;background-image: url(http:\/\/agencemarchica.gov.ma\/wp-content\/uploads\/2016\/06\/bg1.jpg?id=104) !important;background-position: center !important;background-repeat: no-repeat !important;background-size: cover !important;}\u00bb][vc_column]<div class=\"sousmenu\">\n\t\t\t\t\t<p class=\"title1\">En la misma secci\u00f3n<\/p>\n\t\t\t\t\t<ul><li class=\"page_item page-item-1934\"><a href=\"https:\/\/agencemarchica.gov.ma\/es\/la-gobernanza\/vision-y-misiones\/\">Visi\u00f3n y Misiones<\/a><\/li>\n<li class=\"page_item page-item-1944\"><a href=\"https:\/\/agencemarchica.gov.ma\/es\/la-gobernanza\/organos-de-gobierno\/\">\u00d3rganos Del Gobierno<\/a><\/li>\n<li class=\"page_item page-item-1945\"><a href=\"https:\/\/agencemarchica.gov.ma\/es\/la-gobernanza\/organigrama\/\">Organigrama y Valores<\/a><\/li>\n<li class=\"page_item page-item-1947\"><a href=\"https:\/\/agencemarchica.gov.ma\/es\/la-gobernanza\/socios\/\">Socios<\/a><\/li>\n<\/ul>  \n\t\t\t\t  <\/div>[\/vc_column][\/vc_row]<\/p>\n","protected":false},"excerpt":{"rendered":"<p>[vc_row css=\u00bb.vc_custom_1466182096834{padding-right: 50px !important;padding-left: 50px !important;}\u00bb][vc_column][vc_column_text] \u00a0\u00a0\u00a0I. Socios locales\u00a0: Provincia de Nador Consejo Provincial de Nador Distrito Urbano de Nador Distrito urbano de Beni-Nsar Distrito urbano de Arekmane Distrito rural Bouareg Agencia urbana de Nador \u00a0\u00a0\u00a0II.Socios Regionales\u00a0: Consejo Regional de Oriental Agencia Oriental Agencia de Cuenca Hidroel\u00e9ctrica de Moulouya C\u00e1mara de Agricultura de la Regi\u00f3n [&hellip;]<\/p>\n","protected":false},"author":1,"featured_media":1939,"parent":1931,"menu_order":6,"comment_status":"closed","ping_status":"closed","template":"","meta":[],"_links":{"self":[{"href":"https:\/\/agencemarchica.gov.ma\/es\/wp-json\/wp\/v2\/pages\/1947"}],"collection":[{"href":"https:\/\/agencemarchica.gov.ma\/es\/wp-json\/wp\/v2\/pages"}],"about":[{"href":"https:\/\/agencemarchica.gov.ma\/es\/wp-json\/wp\/v2\/types\/page"}],"author":[{"embeddable":true,"href":"https:\/\/agencemarchica.gov.ma\/es\/wp-json\/wp\/v2\/users\/1"}],"replies":[{"embeddable":true,"href":"https:\/\/agencemarchica.gov.ma\/es\/wp-json\/wp\/v2\/comments?post=1947"}],"version-history":[{"count":6,"href":"https:\/\/agencemarchica.gov.ma\/es\/wp-json\/wp\/v2\/pages\/1947\/revisions"}],"predecessor-version":[{"id":3235,"href":"https:\/\/agencemarchica.gov.ma\/es\/wp-json\/wp\/v2\/pages\/1947\/revisions\/3235"}],"up":[{"embeddable":true,"href":"https:\/\/agencemarchica.gov.ma\/es\/wp-json\/wp\/v2\/pages\/1931"}],"wp:featuredmedia":[{"embeddable":true,"href":"https:\/\/agencemarchica.gov.ma\/es\/wp-json\/wp\/v2\/media\/1939"}],"wp:attachment":[{"href":"https:\/\/agencemarchica.gov.ma\/es\/wp-json\/wp\/v2\/media?parent=1947"}],"curies":[{"name":"wp","href":"https:\/\/api.w.org\/{rel}","templated":true}]}}