{"id":1986,"date":"2016-10-06T09:16:35","date_gmt":"2016-10-06T09:16:35","guid":{"rendered":"http:\/\/agencemarchica.gov.ma\/?page_id=1986\/"},"modified":"2018-11-10T14:39:17","modified_gmt":"2018-11-10T14:39:17","slug":"ordenacion","status":"publish","type":"page","link":"https:\/\/agencemarchica.gov.ma\/es\/los-retos\/ordenacion\/","title":{"rendered":"Instalaciones y Medio Ambiente"},"content":{"rendered":"<p>[vc_row][vc_column]<div class=\"modListContainer\" id=\"enjeux\">\n\t\t\t\t\t \n\t\t\t\t\t <div class=\"modFilterContainer\">\n\t\t\t\t\t\t\t\t\t\t<select class=\"cs-select categoryFilter\">\n\t\t\t\t\t\t\t\t<option value=\"\">Todos<\/option>\n\t\t\t\t\t\t\t\t<option value=\"75\">Desarrollo econ\u00f3mico y sociocultural<\/option><option value=\"76\">Accesibilidad y movilidad<\/option><option value=\"95\">Desarrollo territorial<\/option><option value=\"96\">Medio ambiente<\/option><option value=\"129\">Obras mar\u00edtimas<\/option>\n\t\t\t\t\t\t\t<\/select>\n\t\t\t\t\t\t\t\t\t\t<p class=\"post_count\"><span><\/span> Retos<\/p>\n\t\t\t\t\t\t\t\t\t<\/div>\n\t\t\t\t\t <div class=\"ajaxContent\" data-post-count=\"14\" data-category=\"40\" data-itemppage=\"14\">\n\t\t\t\t\t\t<ul class=\"modVignetteContent\">\n\t\t\t\t\t\t\t<li>\n\t\t\t\t\t\t\t\t\t\n\t\t\t\t\t\t\t\t\t<a href=\"https:\/\/agencemarchica.gov.ma\/es\/enjeux\/mezquitas\/\"><div class=\"hover\" style=\"border-color:#030542\"><\/div><img src=\"https:\/\/agencemarchica.gov.ma\/wp-content\/uploads\/2016\/10\/IMG1-14.jpg\"><\/a>\n\t\t\t\t\t\t\t\t\t\n\t\t\t\t\t\t\t\t\t<div class=\"detail\"  >\n                                    \t<p>Desarrollo econ\u00f3mico y sociocultural<\/p>\n\t\t\t\t\t\t\t\t\t\t<h3> MEZQUITAS <\/h3>\n\t\t\t\t\t\t\t\t\t<\/div>\n                               <\/li><li>\n\t\t\t\t\t\t\t\t\t\n\t\t\t\t\t\t\t\t\t<a href=\"https:\/\/agencemarchica.gov.ma\/es\/enjeux\/fondeaderos-de-pesca\/\"><div class=\"hover\" style=\"border-color:#030542\"><\/div><img src=\"https:\/\/agencemarchica.gov.ma\/wp-content\/uploads\/2016\/10\/IMG1-12.jpg\"><\/a>\n\t\t\t\t\t\t\t\t\t\n\t\t\t\t\t\t\t\t\t<div class=\"detail\"  >\n                                    \t<p>Desarrollo econ\u00f3mico y sociocultural<\/p>\n\t\t\t\t\t\t\t\t\t\t<h3> FONDEADEROS DE PESCA <\/h3>\n\t\t\t\t\t\t\t\t\t<\/div>\n                               <\/li><li>\n\t\t\t\t\t\t\t\t\t\n\t\t\t\t\t\t\t\t\t<a href=\"https:\/\/agencemarchica.gov.ma\/es\/enjeux\/via-paisajistica-de-bouareg-y-de-circunvalacion-de-arekmane\/\"><div class=\"hover\" style=\"border-color:#1e2696\"><\/div><img src=\"https:\/\/agencemarchica.gov.ma\/wp-content\/uploads\/2016\/10\/IMG1-18.jpg\"><\/a>\n\t\t\t\t\t\t\t\t\t\n\t\t\t\t\t\t\t\t\t<div class=\"detail\"  >\n                                    \t<p>Accesibilidad y movilidad<\/p>\n\t\t\t\t\t\t\t\t\t\t<h3> V\u00cdA PAISAJ\u00cdSTICA DE BOUAREG Y DE CIRCUNVALACI\u00d3N DE <\/h3>\n\t\t\t\t\t\t\t\t\t<\/div>\n                               <\/li><li>\n\t\t\t\t\t\t\t\t\t\n\t\t\t\t\t\t\t\t\t<a href=\"https:\/\/agencemarchica.gov.ma\/es\/enjeux\/via-de-circunvalacion-de-nador\/\"><div class=\"hover\" style=\"border-color:#1e2696\"><\/div><img src=\"https:\/\/agencemarchica.gov.ma\/wp-content\/uploads\/2016\/10\/IMG1-16.jpg\"><\/a>\n\t\t\t\t\t\t\t\t\t\n\t\t\t\t\t\t\t\t\t<div class=\"detail\"  >\n                                    \t<p>Accesibilidad y movilidad<\/p>\n\t\t\t\t\t\t\t\t\t\t<h3> RUTA DE BYPASS DE NADOR <\/h3>\n\t\t\t\t\t\t\t\t\t<\/div>\n                               <\/li><li>\n\t\t\t\t\t\t\t\t\t\n\t\t\t\t\t\t\t\t\t<a href=\"https:\/\/agencemarchica.gov.ma\/es\/enjeux\/via-de-circunvalacion-de-taouima\/\"><div class=\"hover\" style=\"border-color:#1e2696\"><\/div><img src=\"https:\/\/agencemarchica.gov.ma\/wp-content\/uploads\/2016\/10\/IMG1-17.jpg\"><\/a>\n\t\t\t\t\t\t\t\t\t\n\t\t\t\t\t\t\t\t\t<div class=\"detail\"  >\n                                    \t<p>Accesibilidad y movilidad<\/p>\n\t\t\t\t\t\t\t\t\t\t<h3> RUTA DE DESVIO DE TAOUIMA <\/h3>\n\t\t\t\t\t\t\t\t\t<\/div>\n                               <\/li><li>\n\t\t\t\t\t\t\t\t\t\n\t\t\t\t\t\t\t\t\t<a href=\"https:\/\/agencemarchica.gov.ma\/es\/enjeux\/pista-baja-de-tirekaa\/\"><div class=\"hover\" style=\"border-color:#1e2696\"><\/div><img src=\"https:\/\/agencemarchica.gov.ma\/wp-content\/uploads\/2016\/08\/Tirekaa-1-540x215.jpg\"><\/a>\n\t\t\t\t\t\t\t\t\t\n\t\t\t\t\t\t\t\t\t<div class=\"detail\"  >\n                                    \t<p>Accesibilidad y movilidad<\/p>\n\t\t\t\t\t\t\t\t\t\t<h3> PISTA  BAJA DE TIREKAA <\/h3>\n\t\t\t\t\t\t\t\t\t<\/div>\n                               <\/li><li>\n\t\t\t\t\t\t\t\t\t\n\t\t\t\t\t\t\t\t\t<a href=\"https:\/\/agencemarchica.gov.ma\/es\/enjeux\/valorizacion-de-poblados\/\"><div class=\"hover\" style=\"border-color:#04ccdb\"><\/div><img src=\"https:\/\/agencemarchica.gov.ma\/wp-content\/uploads\/2016\/10\/IMG1-19.jpg\"><\/a>\n\t\t\t\t\t\t\t\t\t\n\t\t\t\t\t\t\t\t\t<div class=\"detail\"  >\n                                    \t<p>Desarrollo territorial<\/p>\n\t\t\t\t\t\t\t\t\t\t<h3> VALORIZACION DE POBLADOS <\/h3>\n\t\t\t\t\t\t\t\t\t<\/div>\n                               <\/li><li>\n\t\t\t\t\t\t\t\t\t\n\t\t\t\t\t\t\t\t\t<a href=\"https:\/\/agencemarchica.gov.ma\/es\/enjeux\/reestructuracion-de-barrios-limitrofes\/\"><div class=\"hover\" style=\"border-color:#04ccdb\"><\/div><img src=\"https:\/\/agencemarchica.gov.ma\/wp-content\/uploads\/2016\/10\/IMG1-15.jpg\"><\/a>\n\t\t\t\t\t\t\t\t\t\n\t\t\t\t\t\t\t\t\t<div class=\"detail\"  >\n                                    \t<p>Desarrollo territorial<\/p>\n\t\t\t\t\t\t\t\t\t\t<h3> REESTRUCTURACI\u00d3N DE BARRIOS  L\u00cdMITROFES <\/h3>\n\t\t\t\t\t\t\t\t\t<\/div>\n                               <\/li><li>\n\t\t\t\t\t\t\t\t\t\n\t\t\t\t\t\t\t\t\t<a href=\"https:\/\/agencemarchica.gov.ma\/es\/enjeux\/planificacion-y-recalificacion-de-cornisas\/\"><div class=\"hover\" style=\"border-color:#04ccdb\"><\/div><img src=\"https:\/\/agencemarchica.gov.ma\/wp-content\/uploads\/2016\/08\/1-540x215.jpg\"><\/a>\n\t\t\t\t\t\t\t\t\t\n\t\t\t\t\t\t\t\t\t<div class=\"detail\"  >\n                                    \t<p>Desarrollo territorial<\/p>\n\t\t\t\t\t\t\t\t\t\t<h3> PLANIFICACION Y RECALIFICACION DE CORNISAS <\/h3>\n\t\t\t\t\t\t\t\t\t<\/div>\n                               <\/li><li>\n\t\t\t\t\t\t\t\t\t\n\t\t\t\t\t\t\t\t\t<a href=\"https:\/\/agencemarchica.gov.ma\/es\/enjeux\/apertura-de-nuevas-areas-a-urbanizacion\/\"><div class=\"hover\" style=\"border-color:#04ccdb\"><\/div><img src=\"https:\/\/agencemarchica.gov.ma\/wp-content\/uploads\/2016\/06\/Developpement-territorial-540x215.jpg\"><\/a>\n\t\t\t\t\t\t\t\t\t\n\t\t\t\t\t\t\t\t\t<div class=\"detail\"  >\n                                    \t<p>Desarrollo territorial<\/p>\n\t\t\t\t\t\t\t\t\t\t<h3> APERTURA DE NUEVAS \u00c1REAS A LA URBANIZACI\u00d3N <\/h3>\n\t\t\t\t\t\t\t\t\t<\/div>\n                               <\/li><li>\n\t\t\t\t\t\t\t\t\t\n\t\t\t\t\t\t\t\t\t<a href=\"https:\/\/agencemarchica.gov.ma\/es\/enjeux\/proteccion-contra-inundaciones\/\"><div class=\"hover\" style=\"border-color:#06da6a\"><\/div><img src=\"https:\/\/agencemarchica.gov.ma\/wp-content\/uploads\/2016\/10\/IMG1-13.jpg\"><\/a>\n\t\t\t\t\t\t\t\t\t\n\t\t\t\t\t\t\t\t\t<div class=\"detail\"  >\n                                    \t<p>Medio ambiente<\/p>\n\t\t\t\t\t\t\t\t\t\t<h3> PROTECCI\u00d3N CONTRA INUNDACI\u00d3NES <\/h3>\n\t\t\t\t\t\t\t\t\t<\/div>\n                               <\/li><li>\n\t\t\t\t\t\t\t\t\t\n\t\t\t\t\t\t\t\t\t<a href=\"https:\/\/agencemarchica.gov.ma\/es\/enjeux\/descontaminacion-de-laguna\/\"><div class=\"hover\" style=\"border-color:#06da6a\"><\/div><img src=\"https:\/\/agencemarchica.gov.ma\/wp-content\/uploads\/2016\/06\/Depollution-540x215.jpg\"><\/a>\n\t\t\t\t\t\t\t\t\t\n\t\t\t\t\t\t\t\t\t<div class=\"detail\"  >\n                                    \t<p>Medio ambiente<\/p>\n\t\t\t\t\t\t\t\t\t\t<h3> DESCONTAMINACION DE LA LAGUNA <\/h3>\n\t\t\t\t\t\t\t\t\t<\/div>\n                               <\/li><li>\n\t\t\t\t\t\t\t\t\t\n\t\t\t\t\t\t\t\t\t<a href=\"https:\/\/agencemarchica.gov.ma\/es\/enjeux\/parque-ornitologico\/\"><div class=\"hover\" style=\"border-color:#06da6a\"><\/div><img src=\"https:\/\/agencemarchica.gov.ma\/wp-content\/uploads\/2016\/06\/Parc-ornitologique-540x215.jpg\"><\/a>\n\t\t\t\t\t\t\t\t\t\n\t\t\t\t\t\t\t\t\t<div class=\"detail\"  >\n                                    \t<p>Medio ambiente<\/p>\n\t\t\t\t\t\t\t\t\t\t<h3> PARQUE ORNITOLOGICO <\/h3>\n\t\t\t\t\t\t\t\t\t<\/div>\n                               <\/li><li>\n\t\t\t\t\t\t\t\t\t\n\t\t\t\t\t\t\t\t\t<a href=\"https:\/\/agencemarchica.gov.ma\/es\/enjeux\/obras-maritimas\/\"><div class=\"hover\" style=\"border-color:#05b53f\"><\/div><img src=\"https:\/\/agencemarchica.gov.ma\/wp-content\/uploads\/2016\/06\/Travaux-maritimes-540x215.jpg\"><\/a>\n\t\t\t\t\t\t\t\t\t\n\t\t\t\t\t\t\t\t\t<div class=\"detail\"  >\n                                    \t<p>Obras mar\u00edtimas<\/p>\n\t\t\t\t\t\t\t\t\t\t<h3> Obras mar\u00edtimas <\/h3>\n\t\t\t\t\t\t\t\t\t<\/div>\n                               <\/li>\n\t\t\t\t\t\t<\/ul>\n\t\t\t\t\t\t<div class=\"paginationContainer\"><\/div>\n\t\t\t\t\t<\/div>    \n\t\t\t\t <\/div>[\/vc_column][\/vc_row]<\/p>\n","protected":false},"excerpt":{"rendered":"<p>texte de pr\u00e9sentation de la page Am\u00e9nagements<\/p>\n","protected":false},"author":1,"featured_media":1988,"parent":1983,"menu_order":1,"comment_status":"closed","ping_status":"closed","template":"","meta":[],"_links":{"self":[{"href":"https:\/\/agencemarchica.gov.ma\/es\/wp-json\/wp\/v2\/pages\/1986"}],"collection":[{"href":"https:\/\/agencemarchica.gov.ma\/es\/wp-json\/wp\/v2\/pages"}],"about":[{"href":"https:\/\/agencemarchica.gov.ma\/es\/wp-json\/wp\/v2\/types\/page"}],"author":[{"embeddable":true,"href":"https:\/\/agencemarchica.gov.ma\/es\/wp-json\/wp\/v2\/users\/1"}],"replies":[{"embeddable":true,"href":"https:\/\/agencemarchica.gov.ma\/es\/wp-json\/wp\/v2\/comments?post=1986"}],"version-history":[{"count":5,"href":"https:\/\/agencemarchica.gov.ma\/es\/wp-json\/wp\/v2\/pages\/1986\/revisions"}],"predecessor-version":[{"id":3631,"href":"https:\/\/agencemarchica.gov.ma\/es\/wp-json\/wp\/v2\/pages\/1986\/revisions\/3631"}],"up":[{"embeddable":true,"href":"https:\/\/agencemarchica.gov.ma\/es\/wp-json\/wp\/v2\/pages\/1983"}],"wp:featuredmedia":[{"embeddable":true,"href":"https:\/\/agencemarchica.gov.ma\/es\/wp-json\/wp\/v2\/media\/1988"}],"wp:attachment":[{"href":"https:\/\/agencemarchica.gov.ma\/es\/wp-json\/wp\/v2\/media?parent=1986"}],"curies":[{"name":"wp","href":"https:\/\/api.w.org\/{rel}","templated":true}]}}