{"id":2129,"date":"2016-06-07T12:26:26","date_gmt":"2016-06-07T12:26:26","guid":{"rendered":"http:\/\/agencemarchica.gov.ma\/?page_id=2129\/"},"modified":"2018-09-13T09:37:39","modified_gmt":"2018-09-13T09:37:39","slug":"notas-legales","status":"publish","type":"page","link":"https:\/\/agencemarchica.gov.ma\/es\/notas-legales\/","title":{"rendered":"Notas Legales"},"content":{"rendered":"<p>[vc_row css=\u00bb.vc_custom_1466182096834{padding-right: 50px !important;padding-left: 50px !important;}\u00bb][vc_column][vc_column_text]<\/p>\n<h2 style=\"text-align: center; color: #b1a06c;\">Toutes les informations relatives \u00e0 cette page sont en cours de finalisation. Connectez-vous r\u00e9guli\u00e8rement pour acc\u00e9der aux mises \u00e0 jour.<\/h2>\n<p>[\/vc_column_text][\/vc_column][\/vc_row][vc_row css=\u00bb.vc_custom_1466438692568{margin-top: 30px !important;margin-bottom: 30px !important;}\u00bb][vc_column][\/vc_column][\/vc_row][vc_row full_width=\u00bbstretch_row\u00bb content_placement=\u00bbmiddle\u00bb css=\u00bb.vc_custom_1468424083631{padding-top: 50px !important;padding-bottom: 80px !important;background-image: url(http:\/\/agencemarchica.gov.ma\/wp-content\/uploads\/2016\/06\/bg1.jpg?id=104) !important;background-position: center !important;background-repeat: no-repeat !important;background-size: cover !important;}\u00bb][vc_column]<div class=\"sousmenu\">\n\t\t\t\t\t<p class=\"title1\">En la misma secci\u00f3n<\/p>\n\t\t\t\t\t<ul><li class=\"page_item page-item-1899\"><a href=\"https:\/\/agencemarchica.gov.ma\/es\/\">Inicio<\/a><\/li>\n<li class=\"page_item page-item-3206\"><a href=\"https:\/\/agencemarchica.gov.ma\/es\/los-retos-2\/\">retos<\/a><\/li>\n<li class=\"page_item page-item-2113\"><a href=\"https:\/\/agencemarchica.gov.ma\/es\/las-ofertas\/\">Las ofertas<\/a><\/li>\n<li class=\"page_item page-item-1905 page_item_has_children\"><a href=\"https:\/\/agencemarchica.gov.ma\/es\/el-proyecto\/\">PROYECTO<\/a><\/li>\n<li class=\"page_item page-item-1931 page_item_has_children\"><a href=\"https:\/\/agencemarchica.gov.ma\/es\/la-gobernanza\/\">GOBERNANZA<\/a><\/li>\n<li class=\"page_item page-item-2121\"><a href=\"https:\/\/agencemarchica.gov.ma\/es\/unirse-a-nosotros\/\">Unirse a nosotros<\/a><\/li>\n<li class=\"page_item page-item-2123\"><a href=\"https:\/\/agencemarchica.gov.ma\/es\/enlaces-utiles\/\">Enlaces \u00fatiles<\/a><\/li>\n<li class=\"page_item page-item-1955\"><a href=\"https:\/\/agencemarchica.gov.ma\/es\/la-secuencia\/\">SECUENCIA<\/a><\/li>\n<li class=\"page_item page-item-1983 page_item_has_children\"><a href=\"https:\/\/agencemarchica.gov.ma\/es\/los-retos\/\">LOS RETOS<\/a><\/li>\n<li class=\"page_item page-item-2125\"><a href=\"https:\/\/agencemarchica.gov.ma\/es\/preguntas-frecuentes\/\">Preguntas Frecuentes<\/a><\/li>\n<li class=\"page_item page-item-2127\"><a href=\"https:\/\/agencemarchica.gov.ma\/es\/contactenos\/\">Cont\u00e1ctenos<\/a><\/li>\n<li class=\"page_item page-item-2092 page_item_has_children\"><a href=\"https:\/\/agencemarchica.gov.ma\/es\/noticias\/\">Noticias<\/a><\/li>\n<li class=\"page_item page-item-2105 page_item_has_children\"><a href=\"https:\/\/agencemarchica.gov.ma\/es\/espacio-medios\/\">MEDIOS DE COMUNICACI\u00d3N<\/a><\/li>\n<li class=\"page_item page-item-2129\"><a href=\"https:\/\/agencemarchica.gov.ma\/es\/notas-legales\/\">Notas Legales<\/a><\/li>\n<\/ul>  \n\t\t\t\t  <\/div>[\/vc_column][\/vc_row]<\/p>\n","protected":false},"excerpt":{"rendered":"<p>[vc_row css=\u00bb.vc_custom_1466182096834{padding-right: 50px !important;padding-left: 50px !important;}\u00bb][vc_column][vc_column_text] Toutes les informations relatives \u00e0 cette page sont en cours de finalisation. Connectez-vous r\u00e9guli\u00e8rement pour acc\u00e9der aux mises \u00e0 jour. [\/vc_column_text][\/vc_column][\/vc_row][vc_row css=\u00bb.vc_custom_1466438692568{margin-top: 30px !important;margin-bottom: 30px !important;}\u00bb][vc_column][\/vc_column][\/vc_row][vc_row full_width=\u00bbstretch_row\u00bb content_placement=\u00bbmiddle\u00bb css=\u00bb.vc_custom_1468424083631{padding-top: 50px !important;padding-bottom: 80px !important;background-image: url(http:\/\/agencemarchica.gov.ma\/wp-content\/uploads\/2016\/06\/bg1.jpg?id=104) !important;background-position: center !important;background-repeat: no-repeat !important;background-size: cover !important;}\u00bb][vc_column][\/vc_column][\/vc_row]<\/p>\n","protected":false},"author":1,"featured_media":2118,"parent":0,"menu_order":6,"comment_status":"closed","ping_status":"closed","template":"","meta":[],"_links":{"self":[{"href":"https:\/\/agencemarchica.gov.ma\/es\/wp-json\/wp\/v2\/pages\/2129"}],"collection":[{"href":"https:\/\/agencemarchica.gov.ma\/es\/wp-json\/wp\/v2\/pages"}],"about":[{"href":"https:\/\/agencemarchica.gov.ma\/es\/wp-json\/wp\/v2\/types\/page"}],"author":[{"embeddable":true,"href":"https:\/\/agencemarchica.gov.ma\/es\/wp-json\/wp\/v2\/users\/1"}],"replies":[{"embeddable":true,"href":"https:\/\/agencemarchica.gov.ma\/es\/wp-json\/wp\/v2\/comments?post=2129"}],"version-history":[{"count":2,"href":"https:\/\/agencemarchica.gov.ma\/es\/wp-json\/wp\/v2\/pages\/2129\/revisions"}],"predecessor-version":[{"id":3254,"href":"https:\/\/agencemarchica.gov.ma\/es\/wp-json\/wp\/v2\/pages\/2129\/revisions\/3254"}],"wp:featuredmedia":[{"embeddable":true,"href":"https:\/\/agencemarchica.gov.ma\/es\/wp-json\/wp\/v2\/media\/2118"}],"wp:attachment":[{"href":"https:\/\/agencemarchica.gov.ma\/es\/wp-json\/wp\/v2\/media?parent=2129"}],"curies":[{"name":"wp","href":"https:\/\/api.w.org\/{rel}","templated":true}]}}